{"id":24,"date":"2021-08-14T13:28:53","date_gmt":"2021-08-14T10:28:53","guid":{"rendered":"https:\/\/clubfinngulf.wordpress.com\/?page_id=24"},"modified":"2021-08-17T20:41:08","modified_gmt":"2021-08-17T20:41:08","slug":"about-club-finngulf","status":"publish","type":"page","link":"https:\/\/www.clubfinngulf.fi\/club\/about-club-finngulf\/","title":{"rendered":"About Club Finngulf"},"content":{"rendered":"\n<div class=\"wp-block-group alignfull\"><div class=\"wp-block-group__inner-container is-layout-flow wp-block-group-is-layout-flow\">\n<div style=\"height:32px\" aria-hidden=\"true\" class=\"wp-block-spacer\"><\/div>\n\n\n\n<h2 class=\"wp-block-heading\">Bringing together all information about Finngulf Yachts in to one place<\/h2>\n\n\n\n<p>Description from the original club web pages that you can view with Archive.org at <a rel=\"noreferrer noopener\" href=\"https:\/\/web.archive.org\/web\/20140926221755\/http:\/\/clubfinngulf.fi\/index.php?option=com_content&amp;view=featured&amp;Itemid=101\" target=\"_blank\">https:\/\/web.archive.org\/web\/20140926221755\/http:\/\/clubfinngulf.fi\/index.php?option=com_content&amp;view=featured&amp;Itemid=101<\/a><br><br><em>&#8220;Club Finngulf perustettiin vuonna 2004.&nbsp;Se on Finngulf -purjehtijoiden muodostama vapaamuotoinen kerho, joka edist\u00e4\u00e4 j\u00e4senten v\u00e4lisen purjehdustiedon, kokemusten ja ideoiden vaihtoa. Se pyrkii madaltamaan kynnyst\u00e4 purjehduskokemusten laajentamiseen osallistumalla pitk\u00e4nmatkan purjehduksiin ja kilpailuihin.<br><br>Klubi toimii tiviiss\u00e4 yhteisty\u00f6ss\u00e4&nbsp;Finngulf -veist\u00e4m\u00f6n kanssa nykyisten ja tulevien venemallien parantamiseksi ja kehitt\u00e4miseksi. Lis\u00e4ksi kehit\u00e4mme edelleen j\u00e4seniemme purjehtijaverkostoa ja pyrimme hankkimaan j\u00e4senist\u00f6llemme purjehdukseen liittyvi\u00e4 etuisuuksia.<\/em>&#8220;<\/p>\n\n\n\n<p>This page is an attempt to give rebirth for that club and focus more on sharing information about Finngulf Yachts between owners.<br><\/p>\n\n\n\n<h2 class=\"wp-block-heading\">Contributing<\/h2>\n\n\n\n<p>If you have material you&#8217;d like to contribute, please send us an email!  Either we&#8217;ll add it to the site for you or we can make a you a co-editor of the site &#8211; enabling you to create your own content here to your heart&#8217;s content! <br><br>Material that we&#8217;d love to have are &#8211; but not limited to &#8211; stuff like brochures, original documents, history stories of Finngulf and models, manual, information about sourcing replacement parts, refit project, polar diagrams, specifications&#8230; <\/p>\n\n\n\n<h2 class=\"wp-block-heading\">Contact information<\/h2>\n\n\n\n<p>You contact editors of this site via email clubfinngulf@gmail.com <\/p>\n<\/div><\/div>\n\n\n\n<div class=\"wp-block-group alignfull\"><div class=\"wp-block-group__inner-container is-layout-flow wp-block-group-is-layout-flow\">\n<div style=\"height:32px\" aria-hidden=\"true\" class=\"wp-block-spacer\"><\/div>\n<\/div><\/div>\n\n\n\n<p><\/p>\n","protected":false},"excerpt":{"rendered":"<p>Bringing together all information about Finngulf Yachts in to one place Description from the original club web pages that you can view with Archive.org at https:\/\/web.archive.org\/web\/20140926221755\/http:\/\/clubfinngulf.fi\/index.php?option=com_content&amp;view=featured&amp;Itemid=101 &#8220;Club Finngulf perustettiin vuonna 2004.&nbsp;Se on Finngulf -purjehtijoiden muodostama vapaamuotoinen kerho, joka edist\u00e4\u00e4 j\u00e4senten v\u00e4lisen purjehdustiedon, kokemusten ja ideoiden vaihtoa. Se pyrkii madaltamaan kynnyst\u00e4 purjehduskokemusten laajentamiseen osallistumalla pitk\u00e4nmatkan purjehduksiin&hellip; <a class=\"more-link\" href=\"https:\/\/www.clubfinngulf.fi\/club\/about-club-finngulf\/\">Continue reading <span class=\"screen-reader-text\">About Club Finngulf<\/span><\/a><\/p>\n","protected":false},"author":1,"featured_media":0,"parent":0,"menu_order":0,"comment_status":"closed","ping_status":"closed","template":"","meta":{"iawp_total_views":395,"footnotes":""},"class_list":["post-24","page","type-page","status-publish","hentry","entry"],"_links":{"self":[{"href":"https:\/\/www.clubfinngulf.fi\/club\/wp-json\/wp\/v2\/pages\/24","targetHints":{"allow":["GET"]}}],"collection":[{"href":"https:\/\/www.clubfinngulf.fi\/club\/wp-json\/wp\/v2\/pages"}],"about":[{"href":"https:\/\/www.clubfinngulf.fi\/club\/wp-json\/wp\/v2\/types\/page"}],"author":[{"embeddable":true,"href":"https:\/\/www.clubfinngulf.fi\/club\/wp-json\/wp\/v2\/users\/1"}],"replies":[{"embeddable":true,"href":"https:\/\/www.clubfinngulf.fi\/club\/wp-json\/wp\/v2\/comments?post=24"}],"version-history":[{"count":2,"href":"https:\/\/www.clubfinngulf.fi\/club\/wp-json\/wp\/v2\/pages\/24\/revisions"}],"predecessor-version":[{"id":266,"href":"https:\/\/www.clubfinngulf.fi\/club\/wp-json\/wp\/v2\/pages\/24\/revisions\/266"}],"wp:attachment":[{"href":"https:\/\/www.clubfinngulf.fi\/club\/wp-json\/wp\/v2\/media?parent=24"}],"curies":[{"name":"wp","href":"https:\/\/api.w.org\/{rel}","templated":true}]}}